{"id":1075,"date":"2025-08-07T16:10:33","date_gmt":"2025-08-07T14:10:33","guid":{"rendered":"http:\/\/projekt.niklaserhof.it.dd55604.kasserver.com\/urlaub\/dsgvo\/"},"modified":"2025-11-07T15:32:09","modified_gmt":"2025-11-07T14:32:09","slug":"privacy","status":"publish","type":"page","link":"https:\/\/www.niklaserhof.it\/it\/vacanze\/privacy\/","title":{"rendered":"Privacy"},"content":{"rendered":"<p>Per gestire i cookie utilizzati e tecnologie simili (pixel di tracciamento, web beacon ecc.) e i relativi consensi, utilizziamo lo strumento di consenso \u201cReal Cookie Banner\u201d. Per maggiori dettagli sul funzionamento di \u201cReal Cookie Banner\u201d consultare <a href=\"https:\/\/devowl.io\/de\/rcb\/datenverarbeitung\/\" rel=\"noreferrer\" target=\"_blank\">https:\/\/devowl.io\/de\/rcb\/datenverarbeitung\/<\/a>.<\/p>\n<p>Le basi giuridiche per il trattamento dei dati personali in questo contesto sono l&#8217;art. 6 comma 1 lett. c RGPD e l&#8217;art. 6 comma 1 lett. f RGPD. Il nostro legittimo interesse \u00e8 la gestione dei cookie e delle tecnologie simili utilizzati e dei relativi consensi.<\/p>\n<p>La fornitura dei dati personali non \u00e8 n\u00e9 prevista dal contratto n\u00e9 necessaria per la conclusione di un contratto. Non sei obbligato a fornire i dati personali. Se non fornisci i dati personali, non potremo gestire i tuoi consensi.<\/p>\n","protected":false},"excerpt":{"rendered":"<p>Per gestire i cookie utilizzati e tecnologie simili (pixel di tracciamento, web beacon ecc.) e i relativi consensi, utilizziamo lo strumento di consenso \u201cReal Cookie Banner\u201d. Per maggiori dettagli sul funzionamento di \u201cReal Cookie Banner\u201d consultare https:\/\/devowl.io\/de\/rcb\/datenverarbeitung\/. Le basi giuridiche per il trattamento dei dati personali in questo contesto sono l&#8217;art. 6 comma 1 lett. [&hellip;]<\/p>\n","protected":false},"author":1,"featured_media":0,"parent":1061,"menu_order":100,"comment_status":"closed","ping_status":"closed","template":"template-dsgvo.php","meta":{"_acf_changed":false,"inline_featured_image":false,"footnotes":""},"class_list":["post-1075","page","type-page","status-publish","hentry"],"acf":[],"yoast_head":"<!-- This site is optimized with the Yoast SEO plugin v26.5 - https:\/\/yoast.com\/wordpress\/plugins\/seo\/ -->\n<title>Privacy - Niklaserhof<\/title>\n<meta name=\"robots\" content=\"index, follow, max-snippet:-1, max-image-preview:large, max-video-preview:-1\" \/>\n<link rel=\"canonical\" href=\"https:\/\/www.niklaserhof.it\/it\/vacanze\/privacy\/\" \/>\n<meta property=\"og:locale\" content=\"it_IT\" \/>\n<meta property=\"og:type\" content=\"article\" \/>\n<meta property=\"og:title\" content=\"Privacy - Niklaserhof\" \/>\n<meta property=\"og:description\" content=\"Per gestire i cookie utilizzati e tecnologie simili (pixel di tracciamento, web beacon ecc.) e i relativi consensi, utilizziamo lo strumento di consenso \u201cReal Cookie Banner\u201d. Per maggiori dettagli sul funzionamento di \u201cReal Cookie Banner\u201d consultare https:\/\/devowl.io\/de\/rcb\/datenverarbeitung\/. Le basi giuridiche per il trattamento dei dati personali in questo contesto sono l&#8217;art. 6 comma 1 lett. [&hellip;]\" \/>\n<meta property=\"og:url\" content=\"https:\/\/www.niklaserhof.it\/it\/vacanze\/privacy\/\" \/>\n<meta property=\"og:site_name\" content=\"Niklaserhof\" \/>\n<meta property=\"article:modified_time\" content=\"2025-11-07T14:32:09+00:00\" \/>\n<meta name=\"twitter:card\" content=\"summary_large_image\" \/>\n<meta name=\"twitter:label1\" content=\"Tempo di lettura stimato\" \/>\n\t<meta name=\"twitter:data1\" content=\"1 minuto\" \/>\n<script type=\"application\/ld+json\" class=\"yoast-schema-graph\">{\"@context\":\"https:\/\/schema.org\",\"@graph\":[{\"@type\":\"WebPage\",\"@id\":\"https:\/\/www.niklaserhof.it\/it\/vacanze\/privacy\/\",\"url\":\"https:\/\/www.niklaserhof.it\/it\/vacanze\/privacy\/\",\"name\":\"Privacy - Niklaserhof\",\"isPartOf\":{\"@id\":\"https:\/\/www.niklaserhof.it\/it\/#website\"},\"datePublished\":\"2025-08-07T14:10:33+00:00\",\"dateModified\":\"2025-11-07T14:32:09+00:00\",\"breadcrumb\":{\"@id\":\"https:\/\/www.niklaserhof.it\/it\/vacanze\/privacy\/#breadcrumb\"},\"inLanguage\":\"it-IT\",\"potentialAction\":[{\"@type\":\"ReadAction\",\"target\":[\"https:\/\/www.niklaserhof.it\/it\/vacanze\/privacy\/\"]}]},{\"@type\":\"BreadcrumbList\",\"@id\":\"https:\/\/www.niklaserhof.it\/it\/vacanze\/privacy\/#breadcrumb\",\"itemListElement\":[{\"@type\":\"ListItem\",\"position\":1,\"name\":\"Startseite\",\"item\":\"https:\/\/www.niklaserhof.it\/it\/\"},{\"@type\":\"ListItem\",\"position\":2,\"name\":\"Vacanze\",\"item\":\"https:\/\/www.niklaserhof.it\/it\/\"},{\"@type\":\"ListItem\",\"position\":3,\"name\":\"Privacy\"}]},{\"@type\":\"WebSite\",\"@id\":\"https:\/\/www.niklaserhof.it\/it\/#website\",\"url\":\"https:\/\/www.niklaserhof.it\/it\/\",\"name\":\"Niklaserhof\",\"description\":\"\",\"potentialAction\":[{\"@type\":\"SearchAction\",\"target\":{\"@type\":\"EntryPoint\",\"urlTemplate\":\"https:\/\/www.niklaserhof.it\/it\/?s={search_term_string}\"},\"query-input\":{\"@type\":\"PropertyValueSpecification\",\"valueRequired\":true,\"valueName\":\"search_term_string\"}}],\"inLanguage\":\"it-IT\"}]}<\/script>\n<!-- \/ Yoast SEO plugin. -->","yoast_head_json":{"title":"Privacy - Niklaserhof","robots":{"index":"index","follow":"follow","max-snippet":"max-snippet:-1","max-image-preview":"max-image-preview:large","max-video-preview":"max-video-preview:-1"},"canonical":"https:\/\/www.niklaserhof.it\/it\/vacanze\/privacy\/","og_locale":"it_IT","og_type":"article","og_title":"Privacy - Niklaserhof","og_description":"Per gestire i cookie utilizzati e tecnologie simili (pixel di tracciamento, web beacon ecc.) e i relativi consensi, utilizziamo lo strumento di consenso \u201cReal Cookie Banner\u201d. Per maggiori dettagli sul funzionamento di \u201cReal Cookie Banner\u201d consultare https:\/\/devowl.io\/de\/rcb\/datenverarbeitung\/. Le basi giuridiche per il trattamento dei dati personali in questo contesto sono l&#8217;art. 6 comma 1 lett. [&hellip;]","og_url":"https:\/\/www.niklaserhof.it\/it\/vacanze\/privacy\/","og_site_name":"Niklaserhof","article_modified_time":"2025-11-07T14:32:09+00:00","twitter_card":"summary_large_image","twitter_misc":{"Tempo di lettura stimato":"1 minuto"},"schema":{"@context":"https:\/\/schema.org","@graph":[{"@type":"WebPage","@id":"https:\/\/www.niklaserhof.it\/it\/vacanze\/privacy\/","url":"https:\/\/www.niklaserhof.it\/it\/vacanze\/privacy\/","name":"Privacy - Niklaserhof","isPartOf":{"@id":"https:\/\/www.niklaserhof.it\/it\/#website"},"datePublished":"2025-08-07T14:10:33+00:00","dateModified":"2025-11-07T14:32:09+00:00","breadcrumb":{"@id":"https:\/\/www.niklaserhof.it\/it\/vacanze\/privacy\/#breadcrumb"},"inLanguage":"it-IT","potentialAction":[{"@type":"ReadAction","target":["https:\/\/www.niklaserhof.it\/it\/vacanze\/privacy\/"]}]},{"@type":"BreadcrumbList","@id":"https:\/\/www.niklaserhof.it\/it\/vacanze\/privacy\/#breadcrumb","itemListElement":[{"@type":"ListItem","position":1,"name":"Startseite","item":"https:\/\/www.niklaserhof.it\/it\/"},{"@type":"ListItem","position":2,"name":"Vacanze","item":"https:\/\/www.niklaserhof.it\/it\/"},{"@type":"ListItem","position":3,"name":"Privacy"}]},{"@type":"WebSite","@id":"https:\/\/www.niklaserhof.it\/it\/#website","url":"https:\/\/www.niklaserhof.it\/it\/","name":"Niklaserhof","description":"","potentialAction":[{"@type":"SearchAction","target":{"@type":"EntryPoint","urlTemplate":"https:\/\/www.niklaserhof.it\/it\/?s={search_term_string}"},"query-input":{"@type":"PropertyValueSpecification","valueRequired":true,"valueName":"search_term_string"}}],"inLanguage":"it-IT"}]}},"_links":{"self":[{"href":"https:\/\/www.niklaserhof.it\/it\/wp-json\/wp\/v2\/pages\/1075","targetHints":{"allow":["GET"]}}],"collection":[{"href":"https:\/\/www.niklaserhof.it\/it\/wp-json\/wp\/v2\/pages"}],"about":[{"href":"https:\/\/www.niklaserhof.it\/it\/wp-json\/wp\/v2\/types\/page"}],"author":[{"embeddable":true,"href":"https:\/\/www.niklaserhof.it\/it\/wp-json\/wp\/v2\/users\/1"}],"replies":[{"embeddable":true,"href":"https:\/\/www.niklaserhof.it\/it\/wp-json\/wp\/v2\/comments?post=1075"}],"version-history":[{"count":3,"href":"https:\/\/www.niklaserhof.it\/it\/wp-json\/wp\/v2\/pages\/1075\/revisions"}],"predecessor-version":[{"id":1354,"href":"https:\/\/www.niklaserhof.it\/it\/wp-json\/wp\/v2\/pages\/1075\/revisions\/1354"}],"up":[{"embeddable":true,"href":"https:\/\/www.niklaserhof.it\/it\/wp-json\/wp\/v2\/pages\/1061"}],"wp:attachment":[{"href":"https:\/\/www.niklaserhof.it\/it\/wp-json\/wp\/v2\/media?parent=1075"}],"curies":[{"name":"wp","href":"https:\/\/api.w.org\/{rel}","templated":true}]}}