{"id":1085,"date":"2025-06-25T11:43:29","date_gmt":"2025-06-25T09:43:29","guid":{"rendered":"http:\/\/projekt.niklaserhof.it.dd55604.kasserver.com\/weingut\/onlineshops\/"},"modified":"2026-04-02T12:09:39","modified_gmt":"2026-04-02T10:09:39","slug":"onlineshops","status":"publish","type":"page","link":"https:\/\/www.niklaserhof.it\/it\/tenuta\/onlineshops\/","title":{"rendered":"Onlineshops"},"content":{"rendered":"","protected":false},"excerpt":{"rendered":"","protected":false},"author":1,"featured_media":0,"parent":1079,"menu_order":15,"comment_status":"closed","ping_status":"closed","template":"template-inhalt.php","meta":{"_acf_changed":false,"inline_featured_image":false,"footnotes":""},"class_list":["post-1085","page","type-page","status-publish","hentry"],"acf":[],"yoast_head":"<!-- This site is optimized with the Yoast SEO plugin v26.5 - https:\/\/yoast.com\/wordpress\/plugins\/seo\/ -->\n<title>Unsere Weine online bestellen \u2013 S\u00fcdtiroler Weine weltweit<\/title>\n<meta name=\"description\" content=\"Entdecken Sie unsere S\u00fcdtiroler Weine im Onlineshop: Bestellen Sie bequem bei unseren Partnern in S\u00fcdtirol, Deutschland oder Schweiz.\" \/>\n<meta name=\"robots\" content=\"index, follow, max-snippet:-1, max-image-preview:large, max-video-preview:-1\" \/>\n<link rel=\"canonical\" href=\"https:\/\/www.niklaserhof.it\/it\/tenuta\/onlineshops\/\" \/>\n<meta property=\"og:locale\" content=\"it_IT\" \/>\n<meta property=\"og:type\" content=\"article\" \/>\n<meta property=\"og:title\" content=\"Unsere Weine online bestellen \u2013 S\u00fcdtiroler Weine weltweit\" \/>\n<meta property=\"og:description\" content=\"Entdecken Sie unsere S\u00fcdtiroler Weine im Onlineshop: Bestellen Sie bequem bei unseren Partnern in S\u00fcdtirol, Deutschland oder Schweiz.\" \/>\n<meta property=\"og:url\" content=\"https:\/\/www.niklaserhof.it\/it\/tenuta\/onlineshops\/\" \/>\n<meta property=\"og:site_name\" content=\"Niklaserhof\" \/>\n<meta property=\"article:modified_time\" content=\"2026-04-02T10:09:39+00:00\" \/>\n<meta name=\"twitter:card\" content=\"summary_large_image\" \/>\n<meta name=\"twitter:label1\" content=\"Tempo di lettura stimato\" \/>\n\t<meta name=\"twitter:data1\" content=\"1 minuto\" \/>\n<script type=\"application\/ld+json\" class=\"yoast-schema-graph\">{\"@context\":\"https:\/\/schema.org\",\"@graph\":[{\"@type\":\"WebPage\",\"@id\":\"https:\/\/www.niklaserhof.it\/it\/tenuta\/onlineshops\/\",\"url\":\"https:\/\/www.niklaserhof.it\/it\/tenuta\/onlineshops\/\",\"name\":\"Unsere Weine online bestellen \u2013 S\u00fcdtiroler Weine weltweit\",\"isPartOf\":{\"@id\":\"https:\/\/www.niklaserhof.it\/it\/#website\"},\"datePublished\":\"2025-06-25T09:43:29+00:00\",\"dateModified\":\"2026-04-02T10:09:39+00:00\",\"description\":\"Entdecken Sie unsere S\u00fcdtiroler Weine im Onlineshop: Bestellen Sie bequem bei unseren Partnern in S\u00fcdtirol, Deutschland oder Schweiz.\",\"breadcrumb\":{\"@id\":\"https:\/\/www.niklaserhof.it\/it\/tenuta\/onlineshops\/#breadcrumb\"},\"inLanguage\":\"it-IT\",\"potentialAction\":[{\"@type\":\"ReadAction\",\"target\":[\"https:\/\/www.niklaserhof.it\/it\/tenuta\/onlineshops\/\"]}]},{\"@type\":\"BreadcrumbList\",\"@id\":\"https:\/\/www.niklaserhof.it\/it\/tenuta\/onlineshops\/#breadcrumb\",\"itemListElement\":[{\"@type\":\"ListItem\",\"position\":1,\"name\":\"Startseite\",\"item\":\"https:\/\/www.niklaserhof.it\/it\/\"},{\"@type\":\"ListItem\",\"position\":2,\"name\":\"Tenuta &#8211; Chi siamo\",\"item\":\"https:\/\/www.niklaserhof.it\/it\/tenuta\/\"},{\"@type\":\"ListItem\",\"position\":3,\"name\":\"Onlineshops\"}]},{\"@type\":\"WebSite\",\"@id\":\"https:\/\/www.niklaserhof.it\/it\/#website\",\"url\":\"https:\/\/www.niklaserhof.it\/it\/\",\"name\":\"Niklaserhof\",\"description\":\"\",\"potentialAction\":[{\"@type\":\"SearchAction\",\"target\":{\"@type\":\"EntryPoint\",\"urlTemplate\":\"https:\/\/www.niklaserhof.it\/it\/?s={search_term_string}\"},\"query-input\":{\"@type\":\"PropertyValueSpecification\",\"valueRequired\":true,\"valueName\":\"search_term_string\"}}],\"inLanguage\":\"it-IT\"}]}<\/script>\n<!-- \/ Yoast SEO plugin. -->","yoast_head_json":{"title":"Unsere Weine online bestellen \u2013 S\u00fcdtiroler Weine weltweit","description":"Entdecken Sie unsere S\u00fcdtiroler Weine im Onlineshop: Bestellen Sie bequem bei unseren Partnern in S\u00fcdtirol, Deutschland oder Schweiz.","robots":{"index":"index","follow":"follow","max-snippet":"max-snippet:-1","max-image-preview":"max-image-preview:large","max-video-preview":"max-video-preview:-1"},"canonical":"https:\/\/www.niklaserhof.it\/it\/tenuta\/onlineshops\/","og_locale":"it_IT","og_type":"article","og_title":"Unsere Weine online bestellen \u2013 S\u00fcdtiroler Weine weltweit","og_description":"Entdecken Sie unsere S\u00fcdtiroler Weine im Onlineshop: Bestellen Sie bequem bei unseren Partnern in S\u00fcdtirol, Deutschland oder Schweiz.","og_url":"https:\/\/www.niklaserhof.it\/it\/tenuta\/onlineshops\/","og_site_name":"Niklaserhof","article_modified_time":"2026-04-02T10:09:39+00:00","twitter_card":"summary_large_image","twitter_misc":{"Tempo di lettura stimato":"1 minuto"},"schema":{"@context":"https:\/\/schema.org","@graph":[{"@type":"WebPage","@id":"https:\/\/www.niklaserhof.it\/it\/tenuta\/onlineshops\/","url":"https:\/\/www.niklaserhof.it\/it\/tenuta\/onlineshops\/","name":"Unsere Weine online bestellen \u2013 S\u00fcdtiroler Weine weltweit","isPartOf":{"@id":"https:\/\/www.niklaserhof.it\/it\/#website"},"datePublished":"2025-06-25T09:43:29+00:00","dateModified":"2026-04-02T10:09:39+00:00","description":"Entdecken Sie unsere S\u00fcdtiroler Weine im Onlineshop: Bestellen Sie bequem bei unseren Partnern in S\u00fcdtirol, Deutschland oder Schweiz.","breadcrumb":{"@id":"https:\/\/www.niklaserhof.it\/it\/tenuta\/onlineshops\/#breadcrumb"},"inLanguage":"it-IT","potentialAction":[{"@type":"ReadAction","target":["https:\/\/www.niklaserhof.it\/it\/tenuta\/onlineshops\/"]}]},{"@type":"BreadcrumbList","@id":"https:\/\/www.niklaserhof.it\/it\/tenuta\/onlineshops\/#breadcrumb","itemListElement":[{"@type":"ListItem","position":1,"name":"Startseite","item":"https:\/\/www.niklaserhof.it\/it\/"},{"@type":"ListItem","position":2,"name":"Tenuta &#8211; Chi siamo","item":"https:\/\/www.niklaserhof.it\/it\/tenuta\/"},{"@type":"ListItem","position":3,"name":"Onlineshops"}]},{"@type":"WebSite","@id":"https:\/\/www.niklaserhof.it\/it\/#website","url":"https:\/\/www.niklaserhof.it\/it\/","name":"Niklaserhof","description":"","potentialAction":[{"@type":"SearchAction","target":{"@type":"EntryPoint","urlTemplate":"https:\/\/www.niklaserhof.it\/it\/?s={search_term_string}"},"query-input":{"@type":"PropertyValueSpecification","valueRequired":true,"valueName":"search_term_string"}}],"inLanguage":"it-IT"}]}},"_links":{"self":[{"href":"https:\/\/www.niklaserhof.it\/it\/wp-json\/wp\/v2\/pages\/1085","targetHints":{"allow":["GET"]}}],"collection":[{"href":"https:\/\/www.niklaserhof.it\/it\/wp-json\/wp\/v2\/pages"}],"about":[{"href":"https:\/\/www.niklaserhof.it\/it\/wp-json\/wp\/v2\/types\/page"}],"author":[{"embeddable":true,"href":"https:\/\/www.niklaserhof.it\/it\/wp-json\/wp\/v2\/users\/1"}],"replies":[{"embeddable":true,"href":"https:\/\/www.niklaserhof.it\/it\/wp-json\/wp\/v2\/comments?post=1085"}],"version-history":[{"count":10,"href":"https:\/\/www.niklaserhof.it\/it\/wp-json\/wp\/v2\/pages\/1085\/revisions"}],"predecessor-version":[{"id":1366,"href":"https:\/\/www.niklaserhof.it\/it\/wp-json\/wp\/v2\/pages\/1085\/revisions\/1366"}],"up":[{"embeddable":true,"href":"https:\/\/www.niklaserhof.it\/it\/wp-json\/wp\/v2\/pages\/1079"}],"wp:attachment":[{"href":"https:\/\/www.niklaserhof.it\/it\/wp-json\/wp\/v2\/media?parent=1085"}],"curies":[{"name":"wp","href":"https:\/\/api.w.org\/{rel}","templated":true}]}}